{"id":16,"date":"2025-02-28T17:13:00","date_gmt":"2025-02-28T17:13:00","guid":{"rendered":"https:\/\/groupepapier.ca\/?page_id=16"},"modified":"2025-03-13T14:28:29","modified_gmt":"2025-03-13T14:28:29","slug":"our-products","status":"publish","type":"page","link":"https:\/\/groupepapier.ca\/fr\/our-products\/","title":{"rendered":"Nos Produits"},"content":{"rendered":"<div class=\"nfd-container nfd-p-lg nfd-theme-white nfd-bg-surface nfd-wb-features__features-16 is-style-nfd-theme-white wp-block-group is-layout-constrained wp-block-group-is-layout-constrained\">\n<div class=\"nfd-gap-3xl wp-block-columns are-vertically-aligned-center is-layout-flex wp-container-core-columns-is-layout-28f84493 wp-block-columns-is-layout-flex\">\n<div class=\"md:nfd-order-2 wp-block-column is-vertically-aligned-center is-layout-flow wp-container-core-column-is-layout-369f67fb wp-block-column-is-layout-flow\" style=\"flex-basis:50%\">\n<div class=\"nfd-gap-md wp-block-group is-vertical is-layout-flex wp-container-core-group-is-layout-fe9cc265 wp-block-group-is-layout-flex\">\n<h3 class=\"nfd-text-xl nfd-text-contrast nfd-text-balance wp-block-heading\">D\u00e9couvrez notre vaste gamme de produits, soigneusement s\u00e9lectionn\u00e9s pour r\u00e9pondre \u00e0 vos besoins. Explorez maintenant et trouvez ce que vous cherchez!<\/h3>\n<\/div>\n\n\n\n<div class=\"wp-block-buttons is-horizontal is-content-justification-left is-layout-flex wp-container-core-buttons-is-layout-c4719c80 wp-block-buttons-is-layout-flex\">\n<div class=\"nfd-btn-xl nfd-rounded-full wp-block-button\"><a class=\"wp-block-button__link wp-element-button\" href=\"https:\/\/groupepapier.ca\/fr\/contact-us\/\">Contactez-nous<\/a><\/div>\n<\/div>\n<\/div>\n\n\n\n<div class=\"wp-block-column is-vertically-aligned-center is-layout-flow wp-block-column-is-layout-flow\" style=\"flex-basis:50%\">\n<div class=\"wp-block-group is-layout-constrained wp-block-group-is-layout-constrained\">\n<figure class=\"nfd-rounded wp-block-image aligncenter size-full\"><img data-recalc-dims=\"1\" loading=\"lazy\" decoding=\"async\" width=\"300\" height=\"300\" src=\"https:\/\/i0.wp.com\/groupepapier.ca\/wp-content\/uploads\/2025\/03\/Product-of-Canada-English-French-300x300-5.png?resize=300%2C300&#038;ssl=1\" alt=\"\" class=\"wp-image-245\" srcset=\"https:\/\/i0.wp.com\/groupepapier.ca\/wp-content\/uploads\/2025\/03\/Product-of-Canada-English-French-300x300-5.png?w=300&amp;ssl=1 300w, https:\/\/i0.wp.com\/groupepapier.ca\/wp-content\/uploads\/2025\/03\/Product-of-Canada-English-French-300x300-5.png?resize=150%2C150&amp;ssl=1 150w, https:\/\/i0.wp.com\/groupepapier.ca\/wp-content\/uploads\/2025\/03\/Product-of-Canada-English-French-300x300-5.png?resize=12%2C12&amp;ssl=1 12w\" sizes=\"auto, (max-width: 300px) 100vw, 300px\" \/><\/figure>\n<\/div>\n<\/div>\n<\/div>\n<\/div>\n\n\n\n<div class=\"wp-block-group is-layout-constrained wp-block-group-is-layout-constrained\"><\/div>\n\n\n\n<figure class=\"wp-block-image aligncenter size-large is-resized\"><img data-recalc-dims=\"1\" loading=\"lazy\" decoding=\"async\" width=\"1024\" height=\"385\" src=\"https:\/\/i0.wp.com\/groupepapier.ca\/wp-content\/uploads\/2025\/03\/Screenshot-2025-03-13-at-10.13.39.png?resize=1024%2C385&#038;ssl=1\" alt=\"\" class=\"wp-image-238\" style=\"width:1022px;height:auto\" srcset=\"https:\/\/i0.wp.com\/groupepapier.ca\/wp-content\/uploads\/2025\/03\/Screenshot-2025-03-13-at-10.13.39.png?resize=1024%2C385&amp;ssl=1 1024w, https:\/\/i0.wp.com\/groupepapier.ca\/wp-content\/uploads\/2025\/03\/Screenshot-2025-03-13-at-10.13.39.png?resize=300%2C113&amp;ssl=1 300w, https:\/\/i0.wp.com\/groupepapier.ca\/wp-content\/uploads\/2025\/03\/Screenshot-2025-03-13-at-10.13.39.png?resize=768%2C289&amp;ssl=1 768w, https:\/\/i0.wp.com\/groupepapier.ca\/wp-content\/uploads\/2025\/03\/Screenshot-2025-03-13-at-10.13.39.png?resize=1536%2C577&amp;ssl=1 1536w, https:\/\/i0.wp.com\/groupepapier.ca\/wp-content\/uploads\/2025\/03\/Screenshot-2025-03-13-at-10.13.39.png?resize=18%2C7&amp;ssl=1 18w, https:\/\/i0.wp.com\/groupepapier.ca\/wp-content\/uploads\/2025\/03\/Screenshot-2025-03-13-at-10.13.39.png?w=1618&amp;ssl=1 1618w\" sizes=\"auto, (max-width: 1000px) 100vw, 1000px\" \/><\/figure>\n\n\n\n<figure class=\"wp-block-image aligncenter size-large\"><img data-recalc-dims=\"1\" loading=\"lazy\" decoding=\"async\" width=\"1024\" height=\"385\" src=\"https:\/\/i0.wp.com\/groupepapier.ca\/wp-content\/uploads\/2025\/03\/Screenshot-2025-03-13-at-10.13.58.png?resize=1024%2C385&#038;ssl=1\" alt=\"\" class=\"wp-image-239\" srcset=\"https:\/\/i0.wp.com\/groupepapier.ca\/wp-content\/uploads\/2025\/03\/Screenshot-2025-03-13-at-10.13.58.png?resize=1024%2C385&amp;ssl=1 1024w, https:\/\/i0.wp.com\/groupepapier.ca\/wp-content\/uploads\/2025\/03\/Screenshot-2025-03-13-at-10.13.58.png?resize=300%2C113&amp;ssl=1 300w, https:\/\/i0.wp.com\/groupepapier.ca\/wp-content\/uploads\/2025\/03\/Screenshot-2025-03-13-at-10.13.58.png?resize=768%2C289&amp;ssl=1 768w, https:\/\/i0.wp.com\/groupepapier.ca\/wp-content\/uploads\/2025\/03\/Screenshot-2025-03-13-at-10.13.58.png?resize=1536%2C578&amp;ssl=1 1536w, https:\/\/i0.wp.com\/groupepapier.ca\/wp-content\/uploads\/2025\/03\/Screenshot-2025-03-13-at-10.13.58.png?resize=18%2C7&amp;ssl=1 18w, https:\/\/i0.wp.com\/groupepapier.ca\/wp-content\/uploads\/2025\/03\/Screenshot-2025-03-13-at-10.13.58.png?w=1616&amp;ssl=1 1616w\" sizes=\"auto, (max-width: 1000px) 100vw, 1000px\" \/><\/figure>\n\n\n\n<figure class=\"wp-block-image aligncenter size-large\"><img data-recalc-dims=\"1\" loading=\"lazy\" decoding=\"async\" width=\"1024\" height=\"232\" src=\"https:\/\/i0.wp.com\/groupepapier.ca\/wp-content\/uploads\/2025\/03\/Screenshot-2025-03-13-at-10.14.18.png?resize=1024%2C232&#038;ssl=1\" alt=\"\" class=\"wp-image-240\" srcset=\"https:\/\/i0.wp.com\/groupepapier.ca\/wp-content\/uploads\/2025\/03\/Screenshot-2025-03-13-at-10.14.18.png?resize=1024%2C232&amp;ssl=1 1024w, https:\/\/i0.wp.com\/groupepapier.ca\/wp-content\/uploads\/2025\/03\/Screenshot-2025-03-13-at-10.14.18.png?resize=300%2C68&amp;ssl=1 300w, https:\/\/i0.wp.com\/groupepapier.ca\/wp-content\/uploads\/2025\/03\/Screenshot-2025-03-13-at-10.14.18.png?resize=768%2C174&amp;ssl=1 768w, https:\/\/i0.wp.com\/groupepapier.ca\/wp-content\/uploads\/2025\/03\/Screenshot-2025-03-13-at-10.14.18.png?resize=1536%2C348&amp;ssl=1 1536w, https:\/\/i0.wp.com\/groupepapier.ca\/wp-content\/uploads\/2025\/03\/Screenshot-2025-03-13-at-10.14.18.png?resize=18%2C4&amp;ssl=1 18w, https:\/\/i0.wp.com\/groupepapier.ca\/wp-content\/uploads\/2025\/03\/Screenshot-2025-03-13-at-10.14.18.png?w=1616&amp;ssl=1 1616w\" sizes=\"auto, (max-width: 1000px) 100vw, 1000px\" \/><\/figure>\n\n\n\n<figure class=\"wp-block-image aligncenter size-large\"><img data-recalc-dims=\"1\" loading=\"lazy\" decoding=\"async\" width=\"1024\" height=\"232\" src=\"https:\/\/i0.wp.com\/groupepapier.ca\/wp-content\/uploads\/2025\/03\/Screenshot-2025-03-13-at-10.14.36.png?resize=1024%2C232&#038;ssl=1\" alt=\"\" class=\"wp-image-241\" srcset=\"https:\/\/i0.wp.com\/groupepapier.ca\/wp-content\/uploads\/2025\/03\/Screenshot-2025-03-13-at-10.14.36.png?resize=1024%2C232&amp;ssl=1 1024w, https:\/\/i0.wp.com\/groupepapier.ca\/wp-content\/uploads\/2025\/03\/Screenshot-2025-03-13-at-10.14.36.png?resize=300%2C68&amp;ssl=1 300w, https:\/\/i0.wp.com\/groupepapier.ca\/wp-content\/uploads\/2025\/03\/Screenshot-2025-03-13-at-10.14.36.png?resize=768%2C174&amp;ssl=1 768w, https:\/\/i0.wp.com\/groupepapier.ca\/wp-content\/uploads\/2025\/03\/Screenshot-2025-03-13-at-10.14.36.png?resize=1536%2C348&amp;ssl=1 1536w, https:\/\/i0.wp.com\/groupepapier.ca\/wp-content\/uploads\/2025\/03\/Screenshot-2025-03-13-at-10.14.36.png?resize=18%2C4&amp;ssl=1 18w, https:\/\/i0.wp.com\/groupepapier.ca\/wp-content\/uploads\/2025\/03\/Screenshot-2025-03-13-at-10.14.36.png?w=1616&amp;ssl=1 1616w\" sizes=\"auto, (max-width: 1000px) 100vw, 1000px\" \/><\/figure>\n\n\n\n<p class=\"\"><\/p>","protected":false},"excerpt":{"rendered":"<p>D\u00e9couvrez notre vaste gamme de produits, soigneusement s\u00e9lectionn\u00e9s pour r\u00e9pondre \u00e0 vos besoins. Explorez maintenant et trouvez ce que vous cherchez!<\/p>","protected":false},"author":1,"featured_media":0,"parent":0,"menu_order":0,"comment_status":"closed","ping_status":"closed","template":"","meta":{"nf_dc_page":"","om_disable_all_campaigns":false,"_monsterinsights_skip_tracking":false,"_monsterinsights_sitenote_active":false,"_monsterinsights_sitenote_note":"","_monsterinsights_sitenote_category":0,"footnotes":""},"class_list":["post-16","page","type-page","status-publish","hentry"],"yoast_head":"<!-- This site is optimized with the Yoast SEO plugin v27.5 - https:\/\/yoast.com\/product\/yoast-seo-wordpress\/ -->\n<title>Our Products - \u00a9Groupe Papier de Montr\u00e9al<\/title>\n<meta name=\"robots\" content=\"index, follow, max-snippet:-1, max-image-preview:large, max-video-preview:-1\" \/>\n<link rel=\"canonical\" href=\"https:\/\/groupepapier.ca\/fr\/our-products\/\" \/>\n<meta property=\"og:locale\" content=\"fr_CA\" \/>\n<meta property=\"og:type\" content=\"article\" \/>\n<meta property=\"og:title\" content=\"Our Products - \u00a9Groupe Papier de Montr\u00e9al\" \/>\n<meta property=\"og:description\" content=\"Discover our wide range of products, carefully selected to meet your needs. Explore now and find what you&#8217;re looking for!\" \/>\n<meta property=\"og:url\" content=\"https:\/\/groupepapier.ca\/fr\/our-products\/\" \/>\n<meta property=\"og:site_name\" content=\"\u00a9Groupe Papier de Montr\u00e9al\" \/>\n<meta property=\"article:modified_time\" content=\"2025-03-13T14:28:29+00:00\" \/>\n<meta property=\"og:image\" content=\"https:\/\/groupepapier.ca\/wp-content\/uploads\/2025\/03\/Product-of-Canada-English-French-300x300-5.png\" \/>\n<meta name=\"twitter:card\" content=\"summary_large_image\" \/>\n<meta name=\"twitter:label1\" content=\"Estimation du temps de lecture\" \/>\n\t<meta name=\"twitter:data1\" content=\"2 minutes\" \/>\n<script type=\"application\/ld+json\" class=\"yoast-schema-graph\">{\"@context\":\"https:\\\/\\\/schema.org\",\"@graph\":[{\"@type\":\"WebPage\",\"@id\":\"https:\\\/\\\/groupepapier.ca\\\/our-products\\\/\",\"url\":\"https:\\\/\\\/groupepapier.ca\\\/our-products\\\/\",\"name\":\"Our Products - \u00a9Groupe Papier de Montr\u00e9al\",\"isPartOf\":{\"@id\":\"https:\\\/\\\/groupepapier.ca\\\/#website\"},\"primaryImageOfPage\":{\"@id\":\"https:\\\/\\\/groupepapier.ca\\\/our-products\\\/#primaryimage\"},\"image\":{\"@id\":\"https:\\\/\\\/groupepapier.ca\\\/our-products\\\/#primaryimage\"},\"thumbnailUrl\":\"https:\\\/\\\/groupepapier.ca\\\/wp-content\\\/uploads\\\/2025\\\/03\\\/Product-of-Canada-English-French-300x300-5.png\",\"datePublished\":\"2025-02-28T17:13:00+00:00\",\"dateModified\":\"2025-03-13T14:28:29+00:00\",\"breadcrumb\":{\"@id\":\"https:\\\/\\\/groupepapier.ca\\\/our-products\\\/#breadcrumb\"},\"inLanguage\":\"fr-CA\",\"potentialAction\":[{\"@type\":\"ReadAction\",\"target\":[\"https:\\\/\\\/groupepapier.ca\\\/our-products\\\/\"]}]},{\"@type\":\"ImageObject\",\"inLanguage\":\"fr-CA\",\"@id\":\"https:\\\/\\\/groupepapier.ca\\\/our-products\\\/#primaryimage\",\"url\":\"https:\\\/\\\/groupepapier.ca\\\/wp-content\\\/uploads\\\/2025\\\/03\\\/Product-of-Canada-English-French-300x300-5.png\",\"contentUrl\":\"https:\\\/\\\/groupepapier.ca\\\/wp-content\\\/uploads\\\/2025\\\/03\\\/Product-of-Canada-English-French-300x300-5.png\"},{\"@type\":\"BreadcrumbList\",\"@id\":\"https:\\\/\\\/groupepapier.ca\\\/our-products\\\/#breadcrumb\",\"itemListElement\":[{\"@type\":\"ListItem\",\"position\":1,\"name\":\"Home\",\"item\":\"https:\\\/\\\/groupepapier.ca\\\/\"},{\"@type\":\"ListItem\",\"position\":2,\"name\":\"Our Products\"}]},{\"@type\":\"WebSite\",\"@id\":\"https:\\\/\\\/groupepapier.ca\\\/#website\",\"url\":\"https:\\\/\\\/groupepapier.ca\\\/\",\"name\":\"\u00a9Groupe Papier de Montr\u00e9al\",\"description\":\"\",\"publisher\":{\"@id\":\"https:\\\/\\\/groupepapier.ca\\\/#organization\"},\"potentialAction\":[{\"@type\":\"SearchAction\",\"target\":{\"@type\":\"EntryPoint\",\"urlTemplate\":\"https:\\\/\\\/groupepapier.ca\\\/?s={search_term_string}\"},\"query-input\":{\"@type\":\"PropertyValueSpecification\",\"valueRequired\":true,\"valueName\":\"search_term_string\"}}],\"inLanguage\":\"fr-CA\"},{\"@type\":\"Organization\",\"@id\":\"https:\\\/\\\/groupepapier.ca\\\/#organization\",\"name\":\"\u00a9Groupe Papier de Montr\u00e9al\",\"url\":\"https:\\\/\\\/groupepapier.ca\\\/\",\"logo\":{\"@type\":\"ImageObject\",\"inLanguage\":\"fr-CA\",\"@id\":\"https:\\\/\\\/groupepapier.ca\\\/#\\\/schema\\\/logo\\\/image\\\/\",\"url\":\"https:\\\/\\\/i0.wp.com\\\/groupepapier.ca\\\/wp-content\\\/uploads\\\/2025\\\/02\\\/IMG_5454.png?fit=1878%2C447&ssl=1\",\"contentUrl\":\"https:\\\/\\\/i0.wp.com\\\/groupepapier.ca\\\/wp-content\\\/uploads\\\/2025\\\/02\\\/IMG_5454.png?fit=1878%2C447&ssl=1\",\"width\":1878,\"height\":447,\"caption\":\"\u00a9Groupe Papier de Montr\u00e9al\"},\"image\":{\"@id\":\"https:\\\/\\\/groupepapier.ca\\\/#\\\/schema\\\/logo\\\/image\\\/\"}}]}<\/script>\n<!-- \/ Yoast SEO plugin. -->","yoast_head_json":{"title":"Our Products - \u00a9Groupe Papier de Montr\u00e9al","robots":{"index":"index","follow":"follow","max-snippet":"max-snippet:-1","max-image-preview":"max-image-preview:large","max-video-preview":"max-video-preview:-1"},"canonical":"https:\/\/groupepapier.ca\/fr\/our-products\/","og_locale":"fr_CA","og_type":"article","og_title":"Our Products - \u00a9Groupe Papier de Montr\u00e9al","og_description":"Discover our wide range of products, carefully selected to meet your needs. Explore now and find what you&#8217;re looking for!","og_url":"https:\/\/groupepapier.ca\/fr\/our-products\/","og_site_name":"\u00a9Groupe Papier de Montr\u00e9al","article_modified_time":"2025-03-13T14:28:29+00:00","og_image":[{"url":"https:\/\/groupepapier.ca\/wp-content\/uploads\/2025\/03\/Product-of-Canada-English-French-300x300-5.png","type":"","width":"","height":""}],"twitter_card":"summary_large_image","twitter_misc":{"Estimation du temps de lecture":"2 minutes"},"schema":{"@context":"https:\/\/schema.org","@graph":[{"@type":"WebPage","@id":"https:\/\/groupepapier.ca\/our-products\/","url":"https:\/\/groupepapier.ca\/our-products\/","name":"Our Products - \u00a9Groupe Papier de Montr\u00e9al","isPartOf":{"@id":"https:\/\/groupepapier.ca\/#website"},"primaryImageOfPage":{"@id":"https:\/\/groupepapier.ca\/our-products\/#primaryimage"},"image":{"@id":"https:\/\/groupepapier.ca\/our-products\/#primaryimage"},"thumbnailUrl":"https:\/\/groupepapier.ca\/wp-content\/uploads\/2025\/03\/Product-of-Canada-English-French-300x300-5.png","datePublished":"2025-02-28T17:13:00+00:00","dateModified":"2025-03-13T14:28:29+00:00","breadcrumb":{"@id":"https:\/\/groupepapier.ca\/our-products\/#breadcrumb"},"inLanguage":"fr-CA","potentialAction":[{"@type":"ReadAction","target":["https:\/\/groupepapier.ca\/our-products\/"]}]},{"@type":"ImageObject","inLanguage":"fr-CA","@id":"https:\/\/groupepapier.ca\/our-products\/#primaryimage","url":"https:\/\/groupepapier.ca\/wp-content\/uploads\/2025\/03\/Product-of-Canada-English-French-300x300-5.png","contentUrl":"https:\/\/groupepapier.ca\/wp-content\/uploads\/2025\/03\/Product-of-Canada-English-French-300x300-5.png"},{"@type":"BreadcrumbList","@id":"https:\/\/groupepapier.ca\/our-products\/#breadcrumb","itemListElement":[{"@type":"ListItem","position":1,"name":"Home","item":"https:\/\/groupepapier.ca\/"},{"@type":"ListItem","position":2,"name":"Our Products"}]},{"@type":"WebSite","@id":"https:\/\/groupepapier.ca\/#website","url":"https:\/\/groupepapier.ca\/","name":"\u00a9Groupe Papier de Montr\u00e9al","description":"","publisher":{"@id":"https:\/\/groupepapier.ca\/#organization"},"potentialAction":[{"@type":"SearchAction","target":{"@type":"EntryPoint","urlTemplate":"https:\/\/groupepapier.ca\/?s={search_term_string}"},"query-input":{"@type":"PropertyValueSpecification","valueRequired":true,"valueName":"search_term_string"}}],"inLanguage":"fr-CA"},{"@type":"Organization","@id":"https:\/\/groupepapier.ca\/#organization","name":"\u00a9Groupe Papier de Montr\u00e9al","url":"https:\/\/groupepapier.ca\/","logo":{"@type":"ImageObject","inLanguage":"fr-CA","@id":"https:\/\/groupepapier.ca\/#\/schema\/logo\/image\/","url":"https:\/\/i0.wp.com\/groupepapier.ca\/wp-content\/uploads\/2025\/02\/IMG_5454.png?fit=1878%2C447&ssl=1","contentUrl":"https:\/\/i0.wp.com\/groupepapier.ca\/wp-content\/uploads\/2025\/02\/IMG_5454.png?fit=1878%2C447&ssl=1","width":1878,"height":447,"caption":"\u00a9Groupe Papier de Montr\u00e9al"},"image":{"@id":"https:\/\/groupepapier.ca\/#\/schema\/logo\/image\/"}}]}},"jetpack_sharing_enabled":true,"_links":{"self":[{"href":"https:\/\/groupepapier.ca\/fr\/wp-json\/wp\/v2\/pages\/16","targetHints":{"allow":["GET"]}}],"collection":[{"href":"https:\/\/groupepapier.ca\/fr\/wp-json\/wp\/v2\/pages"}],"about":[{"href":"https:\/\/groupepapier.ca\/fr\/wp-json\/wp\/v2\/types\/page"}],"author":[{"embeddable":true,"href":"https:\/\/groupepapier.ca\/fr\/wp-json\/wp\/v2\/users\/1"}],"replies":[{"embeddable":true,"href":"https:\/\/groupepapier.ca\/fr\/wp-json\/wp\/v2\/comments?post=16"}],"version-history":[{"count":4,"href":"https:\/\/groupepapier.ca\/fr\/wp-json\/wp\/v2\/pages\/16\/revisions"}],"predecessor-version":[{"id":246,"href":"https:\/\/groupepapier.ca\/fr\/wp-json\/wp\/v2\/pages\/16\/revisions\/246"}],"wp:attachment":[{"href":"https:\/\/groupepapier.ca\/fr\/wp-json\/wp\/v2\/media?parent=16"}],"curies":[{"name":"wp","href":"https:\/\/api.w.org\/{rel}","templated":true}]}}