{"id":72,"date":"2025-02-27T19:25:27","date_gmt":"2025-02-27T19:25:27","guid":{"rendered":"https:\/\/groupepapier.ca\/?page_id=72"},"modified":"2025-02-28T14:37:26","modified_gmt":"2025-02-28T14:37:26","slug":"about-us","status":"publish","type":"page","link":"https:\/\/groupepapier.ca\/en\/about-us\/","title":{"rendered":"About Us"},"content":{"rendered":"\n<p class=\"\"><\/p>\n\n\n\n<div class=\"nfd-container nfd-theme-white nfd-bg-surface nfd-wb-features__features-29 is-style-nfd-theme-white wp-block-group is-layout-constrained wp-container-core-group-is-layout-19e250f3 wp-block-group-is-layout-constrained\">\n<div class=\"wp-block-columns is-layout-flex wp-container-core-columns-is-layout-28232c24 wp-block-columns-is-layout-flex\">\n<div class=\"md:nfd-order-2 nfd-p-card-square-lg wp-block-column is-vertically-aligned-center is-layout-flow wp-container-core-column-is-layout-8eebadab wp-block-column-is-layout-flow\">\n<h3 class=\"nfd-text-xl nfd-text-contrast nfd-text-balance wp-block-heading\">Groupe Papier de Montr\u00e9al<\/h3>\n\n\n\n<div class=\"nfd-text-faded wp-block-group is-content-justification-left is-layout-constrained wp-container-core-group-is-layout-7526a028 wp-block-group-is-layout-constrained\">\n<p class=\"\">The creation of Groupe Papier De Montr\u00e9al was based on years of experience in the pulp and paper industry.&nbsp;<\/p>\n\n\n\n<p class=\"\">Our consultants &#8211; paper merchants &#8211; have many years of expertise in this field.&nbsp;<\/p>\n\n\n\n<p class=\"\">Today, we continue to strive for excellence in every aspect of every customer transaction.&nbsp;<\/p>\n\n\n\n<p class=\"\">We firmly believe in the 1st rule of business. &#8220;Take care of the customer&#8221; while offering a solution to your paper needs.&nbsp;<\/p>\n<\/div>\n<\/div>\n\n\n\n<div class=\"wp-block-column is-vertically-aligned-center is-layout-flow wp-container-core-column-is-layout-8a368f38 wp-block-column-is-layout-flow\" style=\"flex-basis:50%\">\n<div class=\"wp-block-group is-layout-constrained wp-block-group-is-layout-constrained\">\n<figure class=\"wp-block-image size-full has-custom-border nfd-wb-animate nfd-wb-fade-in-bottom\"><img data-recalc-dims=\"1\" loading=\"lazy\" decoding=\"async\" width=\"512\" height=\"512\" src=\"https:\/\/i0.wp.com\/groupepapier.ca\/wp-content\/uploads\/2025\/02\/cropped-Evelope-logo.png?resize=512%2C512&#038;ssl=1\" alt=\"\" class=\"wp-image-95\" style=\"border-top-left-radius:0px;border-top-right-radius:240px;border-bottom-left-radius:0px;border-bottom-right-radius:0px;aspect-ratio:1;object-fit:cover\" srcset=\"https:\/\/i0.wp.com\/groupepapier.ca\/wp-content\/uploads\/2025\/02\/cropped-Evelope-logo.png?w=512&amp;ssl=1 512w, https:\/\/i0.wp.com\/groupepapier.ca\/wp-content\/uploads\/2025\/02\/cropped-Evelope-logo.png?resize=300%2C300&amp;ssl=1 300w, https:\/\/i0.wp.com\/groupepapier.ca\/wp-content\/uploads\/2025\/02\/cropped-Evelope-logo.png?resize=150%2C150&amp;ssl=1 150w, https:\/\/i0.wp.com\/groupepapier.ca\/wp-content\/uploads\/2025\/02\/cropped-Evelope-logo.png?resize=270%2C270&amp;ssl=1 270w, https:\/\/i0.wp.com\/groupepapier.ca\/wp-content\/uploads\/2025\/02\/cropped-Evelope-logo.png?resize=192%2C192&amp;ssl=1 192w, https:\/\/i0.wp.com\/groupepapier.ca\/wp-content\/uploads\/2025\/02\/cropped-Evelope-logo.png?resize=180%2C180&amp;ssl=1 180w, https:\/\/i0.wp.com\/groupepapier.ca\/wp-content\/uploads\/2025\/02\/cropped-Evelope-logo.png?resize=32%2C32&amp;ssl=1 32w\" sizes=\"auto, (max-width: 512px) 100vw, 512px\" \/><\/figure>\n<\/div>\n<\/div>\n<\/div>\n\n\n\n<div class=\"wp-block-columns is-layout-flex wp-container-core-columns-is-layout-28232c24 wp-block-columns-is-layout-flex\">\n<div class=\"wp-block-column is-vertically-aligned-top is-layout-flow wp-block-column-is-layout-flow\" style=\"flex-basis:50%\">\n<div class=\"wp-block-group is-content-justification-center is-layout-constrained wp-block-group-is-layout-constrained\">\n<figure class=\"wp-block-image size-large has-custom-border nfd-wb-animate nfd-wb-fade-in-bottom\"><img loading=\"lazy\" decoding=\"async\" width=\"1440\" height=\"2560\" src=\"https:\/\/i0.wp.com\/groupepapier.ca\/wp-content\/uploads\/2025\/02\/pexels-artempodrez-6800928-scaled.jpg?fit=576%2C1024&amp;ssl=1\" alt=\"\" class=\"wp-image-106\" style=\"border-top-left-radius:240px;aspect-ratio:1;object-fit:cover\" srcset=\"https:\/\/i0.wp.com\/groupepapier.ca\/wp-content\/uploads\/2025\/02\/pexels-artempodrez-6800928-scaled.jpg?w=1440&amp;ssl=1 1440w, https:\/\/i0.wp.com\/groupepapier.ca\/wp-content\/uploads\/2025\/02\/pexels-artempodrez-6800928-scaled.jpg?resize=169%2C300&amp;ssl=1 169w, https:\/\/i0.wp.com\/groupepapier.ca\/wp-content\/uploads\/2025\/02\/pexels-artempodrez-6800928-scaled.jpg?resize=576%2C1024&amp;ssl=1 576w, https:\/\/i0.wp.com\/groupepapier.ca\/wp-content\/uploads\/2025\/02\/pexels-artempodrez-6800928-scaled.jpg?resize=768%2C1365&amp;ssl=1 768w, https:\/\/i0.wp.com\/groupepapier.ca\/wp-content\/uploads\/2025\/02\/pexels-artempodrez-6800928-scaled.jpg?resize=864%2C1536&amp;ssl=1 864w, https:\/\/i0.wp.com\/groupepapier.ca\/wp-content\/uploads\/2025\/02\/pexels-artempodrez-6800928-scaled.jpg?resize=1152%2C2048&amp;ssl=1 1152w\" sizes=\"auto, (max-width: 1000px) 100vw, 1000px\" \/><\/figure>\n<\/div>\n<\/div>\n\n\n\n<div class=\"md:nfd-order-2 nfd-p-card-square-lg wp-block-column is-vertically-aligned-center is-layout-flow wp-container-core-column-is-layout-8eebadab wp-block-column-is-layout-flow\">\n<h3 class=\"nfd-text-xl nfd-text-contrast nfd-text-balance wp-block-heading\">Mission<\/h3>\n\n\n\n<div class=\"nfd-text-faded wp-block-group is-content-justification-left is-layout-constrained wp-container-core-group-is-layout-7526a028 wp-block-group-is-layout-constrained\">\n<p class=\"\">We deliver excellence in every customer transaction by offering tailored solutions for their paper needs. The company firmly believes in the first rule of business: &#8220;Take care of the customer.&#8221; Additionally, the company also offers paper converting services to further meet market demands. The mission reflects their commitment to quality. It also demonstrates their dedication to customer satisfaction. They ensure specialized service and effective solutions in the pulp and paper industry.<\/p>\n<\/div>\n<\/div>\n<\/div>\n\n\n\n<div class=\"wp-block-columns is-layout-flex wp-container-core-columns-is-layout-28232c24 wp-block-columns-is-layout-flex\">\n<div class=\"md:nfd-order-2 nfd-p-card-square-lg wp-block-column is-vertically-aligned-center is-layout-flow wp-container-core-column-is-layout-8eebadab wp-block-column-is-layout-flow\">\n<h3 class=\"nfd-text-xl nfd-text-contrast nfd-text-balance wp-block-heading\">Vision<\/h3>\n\n\n\n<div class=\"nfd-text-faded wp-block-group is-content-justification-left is-layout-constrained wp-container-core-group-is-layout-7526a028 wp-block-group-is-layout-constrained\">\n<p class=\"\">We strive to be a leading provider of innovative paper solutions. We aim to continuously exceed customer expectations through exceptional service. Our team possesses industry expertise and follows sustainable practices. We aim to be the go-to partner for all paper needs. We provide quality products and advanced converting services. Our goal is to foster long-term relationships with clients. We also contribute to the growth and sustainability of the paper industry.<\/p>\n<\/div>\n<\/div>\n\n\n\n<div class=\"wp-block-column is-vertically-aligned-top is-layout-flow wp-container-core-column-is-layout-8a368f38 wp-block-column-is-layout-flow\" style=\"flex-basis:50%\">\n<div class=\"wp-block-group is-layout-constrained wp-block-group-is-layout-constrained\">\n<figure class=\"wp-block-image size-full has-custom-border nfd-wb-animate nfd-wb-fade-in-bottom\"><img data-recalc-dims=\"1\" loading=\"lazy\" decoding=\"async\" width=\"8626\" height=\"5750\" src=\"https:\/\/i0.wp.com\/groupepapier.ca\/wp-content\/uploads\/2025\/02\/forest.png?resize=8626%2C5750&#038;ssl=1\" alt=\"\" class=\"wp-image-34\" style=\"border-top-left-radius:0px;border-top-right-radius:0px;border-bottom-left-radius:0px;border-bottom-right-radius:240px;aspect-ratio:1;object-fit:cover\" srcset=\"https:\/\/i0.wp.com\/groupepapier.ca\/wp-content\/uploads\/2025\/02\/forest.png?w=8626&amp;ssl=1 8626w, https:\/\/i0.wp.com\/groupepapier.ca\/wp-content\/uploads\/2025\/02\/forest.png?resize=300%2C200&amp;ssl=1 300w, https:\/\/i0.wp.com\/groupepapier.ca\/wp-content\/uploads\/2025\/02\/forest.png?resize=1024%2C683&amp;ssl=1 1024w, https:\/\/i0.wp.com\/groupepapier.ca\/wp-content\/uploads\/2025\/02\/forest.png?resize=768%2C512&amp;ssl=1 768w, https:\/\/i0.wp.com\/groupepapier.ca\/wp-content\/uploads\/2025\/02\/forest.png?resize=1536%2C1024&amp;ssl=1 1536w, https:\/\/i0.wp.com\/groupepapier.ca\/wp-content\/uploads\/2025\/02\/forest.png?resize=2048%2C1365&amp;ssl=1 2048w, https:\/\/i0.wp.com\/groupepapier.ca\/wp-content\/uploads\/2025\/02\/forest.png?resize=600%2C400&amp;ssl=1 600w, https:\/\/i0.wp.com\/groupepapier.ca\/wp-content\/uploads\/2025\/02\/forest.png?w=3000&amp;ssl=1 3000w\" sizes=\"auto, (max-width: 1000px) 100vw, 1000px\" \/><\/figure>\n<\/div>\n<\/div>\n<\/div>\n<\/div>\n\n\n\n<p class=\"\"><\/p>\n","protected":false},"excerpt":{"rendered":"<p>Groupe Papier de Montr\u00e9al The creation of Groupe Papier De Montr\u00e9al was based on years of experience in the pulp and paper industry.&nbsp; Our consultants &#8211; paper merchants &#8211; have many years of expertise in this field.&nbsp; Today, we continue to strive for excellence in every aspect of every customer transaction.&nbsp; We firmly believe in [&hellip;]<\/p>\n","protected":false},"author":1,"featured_media":0,"parent":0,"menu_order":0,"comment_status":"closed","ping_status":"closed","template":"","meta":{"nf_dc_page":"","om_disable_all_campaigns":false,"_monsterinsights_skip_tracking":false,"_monsterinsights_sitenote_active":false,"_monsterinsights_sitenote_note":"","_monsterinsights_sitenote_category":0,"footnotes":""},"class_list":["post-72","page","type-page","status-publish","hentry"],"yoast_head":"<!-- This site is optimized with the Yoast SEO plugin v27.5 - https:\/\/yoast.com\/product\/yoast-seo-wordpress\/ -->\n<title>About Us - \u00a9Groupe Papier de Montr\u00e9al<\/title>\n<meta name=\"robots\" content=\"index, follow, max-snippet:-1, max-image-preview:large, max-video-preview:-1\" \/>\n<link rel=\"canonical\" href=\"https:\/\/groupepapier.ca\/en\/about-us\/\" \/>\n<meta property=\"og:locale\" content=\"en_US\" \/>\n<meta property=\"og:type\" content=\"article\" \/>\n<meta property=\"og:title\" content=\"About Us - \u00a9Groupe Papier de Montr\u00e9al\" \/>\n<meta property=\"og:description\" content=\"Groupe Papier de Montr\u00e9al The creation of Groupe Papier De Montr\u00e9al was based on years of experience in the pulp and paper industry.&nbsp; Our consultants &#8211; paper merchants &#8211; have many years of expertise in this field.&nbsp; Today, we continue to strive for excellence in every aspect of every customer transaction.&nbsp; We firmly believe in [&hellip;]\" \/>\n<meta property=\"og:url\" content=\"https:\/\/groupepapier.ca\/en\/about-us\/\" \/>\n<meta property=\"og:site_name\" content=\"\u00a9Groupe Papier de Montr\u00e9al\" \/>\n<meta property=\"article:modified_time\" content=\"2025-02-28T14:37:26+00:00\" \/>\n<meta property=\"og:image\" content=\"https:\/\/groupepapier.ca\/wp-content\/uploads\/2025\/02\/cropped-Evelope-logo.png\" \/>\n<meta name=\"twitter:card\" content=\"summary_large_image\" \/>\n<meta name=\"twitter:label1\" content=\"Est. reading time\" \/>\n\t<meta name=\"twitter:data1\" content=\"2 minutes\" \/>\n<script type=\"application\/ld+json\" class=\"yoast-schema-graph\">{\"@context\":\"https:\\\/\\\/schema.org\",\"@graph\":[{\"@type\":\"WebPage\",\"@id\":\"https:\\\/\\\/groupepapier.ca\\\/about-us\\\/\",\"url\":\"https:\\\/\\\/groupepapier.ca\\\/about-us\\\/\",\"name\":\"About Us - \u00a9Groupe Papier de Montr\u00e9al\",\"isPartOf\":{\"@id\":\"https:\\\/\\\/groupepapier.ca\\\/#website\"},\"primaryImageOfPage\":{\"@id\":\"https:\\\/\\\/groupepapier.ca\\\/about-us\\\/#primaryimage\"},\"image\":{\"@id\":\"https:\\\/\\\/groupepapier.ca\\\/about-us\\\/#primaryimage\"},\"thumbnailUrl\":\"https:\\\/\\\/groupepapier.ca\\\/wp-content\\\/uploads\\\/2025\\\/02\\\/cropped-Evelope-logo.png\",\"datePublished\":\"2025-02-27T19:25:27+00:00\",\"dateModified\":\"2025-02-28T14:37:26+00:00\",\"breadcrumb\":{\"@id\":\"https:\\\/\\\/groupepapier.ca\\\/about-us\\\/#breadcrumb\"},\"inLanguage\":\"en-CA\",\"potentialAction\":[{\"@type\":\"ReadAction\",\"target\":[\"https:\\\/\\\/groupepapier.ca\\\/about-us\\\/\"]}]},{\"@type\":\"ImageObject\",\"inLanguage\":\"en-CA\",\"@id\":\"https:\\\/\\\/groupepapier.ca\\\/about-us\\\/#primaryimage\",\"url\":\"https:\\\/\\\/groupepapier.ca\\\/wp-content\\\/uploads\\\/2025\\\/02\\\/cropped-Evelope-logo.png\",\"contentUrl\":\"https:\\\/\\\/groupepapier.ca\\\/wp-content\\\/uploads\\\/2025\\\/02\\\/cropped-Evelope-logo.png\"},{\"@type\":\"BreadcrumbList\",\"@id\":\"https:\\\/\\\/groupepapier.ca\\\/about-us\\\/#breadcrumb\",\"itemListElement\":[{\"@type\":\"ListItem\",\"position\":1,\"name\":\"Home\",\"item\":\"https:\\\/\\\/groupepapier.ca\\\/\"},{\"@type\":\"ListItem\",\"position\":2,\"name\":\"About Us\"}]},{\"@type\":\"WebSite\",\"@id\":\"https:\\\/\\\/groupepapier.ca\\\/#website\",\"url\":\"https:\\\/\\\/groupepapier.ca\\\/\",\"name\":\"\u00a9Groupe Papier de Montr\u00e9al\",\"description\":\"\",\"publisher\":{\"@id\":\"https:\\\/\\\/groupepapier.ca\\\/#organization\"},\"potentialAction\":[{\"@type\":\"SearchAction\",\"target\":{\"@type\":\"EntryPoint\",\"urlTemplate\":\"https:\\\/\\\/groupepapier.ca\\\/?s={search_term_string}\"},\"query-input\":{\"@type\":\"PropertyValueSpecification\",\"valueRequired\":true,\"valueName\":\"search_term_string\"}}],\"inLanguage\":\"en-CA\"},{\"@type\":\"Organization\",\"@id\":\"https:\\\/\\\/groupepapier.ca\\\/#organization\",\"name\":\"\u00a9Groupe Papier de Montr\u00e9al\",\"url\":\"https:\\\/\\\/groupepapier.ca\\\/\",\"logo\":{\"@type\":\"ImageObject\",\"inLanguage\":\"en-CA\",\"@id\":\"https:\\\/\\\/groupepapier.ca\\\/#\\\/schema\\\/logo\\\/image\\\/\",\"url\":\"https:\\\/\\\/i0.wp.com\\\/groupepapier.ca\\\/wp-content\\\/uploads\\\/2025\\\/02\\\/IMG_5454.png?fit=1878%2C447&ssl=1\",\"contentUrl\":\"https:\\\/\\\/i0.wp.com\\\/groupepapier.ca\\\/wp-content\\\/uploads\\\/2025\\\/02\\\/IMG_5454.png?fit=1878%2C447&ssl=1\",\"width\":1878,\"height\":447,\"caption\":\"\u00a9Groupe Papier de Montr\u00e9al\"},\"image\":{\"@id\":\"https:\\\/\\\/groupepapier.ca\\\/#\\\/schema\\\/logo\\\/image\\\/\"}}]}<\/script>\n<!-- \/ Yoast SEO plugin. -->","yoast_head_json":{"title":"About Us - \u00a9Groupe Papier de Montr\u00e9al","robots":{"index":"index","follow":"follow","max-snippet":"max-snippet:-1","max-image-preview":"max-image-preview:large","max-video-preview":"max-video-preview:-1"},"canonical":"https:\/\/groupepapier.ca\/en\/about-us\/","og_locale":"en_US","og_type":"article","og_title":"About Us - \u00a9Groupe Papier de Montr\u00e9al","og_description":"Groupe Papier de Montr\u00e9al The creation of Groupe Papier De Montr\u00e9al was based on years of experience in the pulp and paper industry.&nbsp; Our consultants &#8211; paper merchants &#8211; have many years of expertise in this field.&nbsp; Today, we continue to strive for excellence in every aspect of every customer transaction.&nbsp; We firmly believe in [&hellip;]","og_url":"https:\/\/groupepapier.ca\/en\/about-us\/","og_site_name":"\u00a9Groupe Papier de Montr\u00e9al","article_modified_time":"2025-02-28T14:37:26+00:00","og_image":[{"url":"https:\/\/groupepapier.ca\/wp-content\/uploads\/2025\/02\/cropped-Evelope-logo.png","type":"","width":"","height":""}],"twitter_card":"summary_large_image","twitter_misc":{"Est. reading time":"2 minutes"},"schema":{"@context":"https:\/\/schema.org","@graph":[{"@type":"WebPage","@id":"https:\/\/groupepapier.ca\/about-us\/","url":"https:\/\/groupepapier.ca\/about-us\/","name":"About Us - \u00a9Groupe Papier de Montr\u00e9al","isPartOf":{"@id":"https:\/\/groupepapier.ca\/#website"},"primaryImageOfPage":{"@id":"https:\/\/groupepapier.ca\/about-us\/#primaryimage"},"image":{"@id":"https:\/\/groupepapier.ca\/about-us\/#primaryimage"},"thumbnailUrl":"https:\/\/groupepapier.ca\/wp-content\/uploads\/2025\/02\/cropped-Evelope-logo.png","datePublished":"2025-02-27T19:25:27+00:00","dateModified":"2025-02-28T14:37:26+00:00","breadcrumb":{"@id":"https:\/\/groupepapier.ca\/about-us\/#breadcrumb"},"inLanguage":"en-CA","potentialAction":[{"@type":"ReadAction","target":["https:\/\/groupepapier.ca\/about-us\/"]}]},{"@type":"ImageObject","inLanguage":"en-CA","@id":"https:\/\/groupepapier.ca\/about-us\/#primaryimage","url":"https:\/\/groupepapier.ca\/wp-content\/uploads\/2025\/02\/cropped-Evelope-logo.png","contentUrl":"https:\/\/groupepapier.ca\/wp-content\/uploads\/2025\/02\/cropped-Evelope-logo.png"},{"@type":"BreadcrumbList","@id":"https:\/\/groupepapier.ca\/about-us\/#breadcrumb","itemListElement":[{"@type":"ListItem","position":1,"name":"Home","item":"https:\/\/groupepapier.ca\/"},{"@type":"ListItem","position":2,"name":"About Us"}]},{"@type":"WebSite","@id":"https:\/\/groupepapier.ca\/#website","url":"https:\/\/groupepapier.ca\/","name":"\u00a9Groupe Papier de Montr\u00e9al","description":"","publisher":{"@id":"https:\/\/groupepapier.ca\/#organization"},"potentialAction":[{"@type":"SearchAction","target":{"@type":"EntryPoint","urlTemplate":"https:\/\/groupepapier.ca\/?s={search_term_string}"},"query-input":{"@type":"PropertyValueSpecification","valueRequired":true,"valueName":"search_term_string"}}],"inLanguage":"en-CA"},{"@type":"Organization","@id":"https:\/\/groupepapier.ca\/#organization","name":"\u00a9Groupe Papier de Montr\u00e9al","url":"https:\/\/groupepapier.ca\/","logo":{"@type":"ImageObject","inLanguage":"en-CA","@id":"https:\/\/groupepapier.ca\/#\/schema\/logo\/image\/","url":"https:\/\/i0.wp.com\/groupepapier.ca\/wp-content\/uploads\/2025\/02\/IMG_5454.png?fit=1878%2C447&ssl=1","contentUrl":"https:\/\/i0.wp.com\/groupepapier.ca\/wp-content\/uploads\/2025\/02\/IMG_5454.png?fit=1878%2C447&ssl=1","width":1878,"height":447,"caption":"\u00a9Groupe Papier de Montr\u00e9al"},"image":{"@id":"https:\/\/groupepapier.ca\/#\/schema\/logo\/image\/"}}]}},"jetpack_sharing_enabled":true,"_links":{"self":[{"href":"https:\/\/groupepapier.ca\/en\/wp-json\/wp\/v2\/pages\/72","targetHints":{"allow":["GET"]}}],"collection":[{"href":"https:\/\/groupepapier.ca\/en\/wp-json\/wp\/v2\/pages"}],"about":[{"href":"https:\/\/groupepapier.ca\/en\/wp-json\/wp\/v2\/types\/page"}],"author":[{"embeddable":true,"href":"https:\/\/groupepapier.ca\/en\/wp-json\/wp\/v2\/users\/1"}],"replies":[{"embeddable":true,"href":"https:\/\/groupepapier.ca\/en\/wp-json\/wp\/v2\/comments?post=72"}],"version-history":[{"count":4,"href":"https:\/\/groupepapier.ca\/en\/wp-json\/wp\/v2\/pages\/72\/revisions"}],"predecessor-version":[{"id":110,"href":"https:\/\/groupepapier.ca\/en\/wp-json\/wp\/v2\/pages\/72\/revisions\/110"}],"wp:attachment":[{"href":"https:\/\/groupepapier.ca\/en\/wp-json\/wp\/v2\/media?parent=72"}],"curies":[{"name":"wp","href":"https:\/\/api.w.org\/{rel}","templated":true}]}}